{"id":65,"date":"2023-09-04T15:39:26","date_gmt":"2023-09-04T13:39:26","guid":{"rendered":"https:\/\/befirstorientation.fr\/?page_id=65"},"modified":"2023-12-18T17:46:31","modified_gmt":"2023-12-18T16:46:31","slug":"recherche-alternance","status":"publish","type":"page","link":"https:\/\/befirstorientation.fr\/index.php\/recherche-alternance\/","title":{"rendered":"Recherche alternance"},"content":{"rendered":"\t\t<div data-elementor-type=\"wp-page\" data-elementor-id=\"65\" class=\"elementor elementor-65\" data-elementor-post-type=\"page\">\n\t\t\t\t\t\t<section class=\"elementor-section elementor-top-section elementor-element elementor-element-9babeef elementor-section-boxed elementor-section-height-default elementor-section-height-default\" data-id=\"9babeef\" data-element_type=\"section\" data-e-type=\"section\">\n\t\t\t\t\t\t<div class=\"elementor-container elementor-column-gap-default\">\n\t\t\t\t\t<div class=\"elementor-column elementor-col-100 elementor-top-column elementor-element elementor-element-b6021ce\" data-id=\"b6021ce\" data-element_type=\"column\" data-e-type=\"column\">\n\t\t\t<div class=\"elementor-widget-wrap elementor-element-populated\">\n\t\t\t\t\t\t<div class=\"elementor-element elementor-element-c597472 elementor-widget elementor-widget-image\" data-id=\"c597472\" data-element_type=\"widget\" data-e-type=\"widget\" data-settings=\"{&quot;_animation_mobile&quot;:&quot;fadeInUp&quot;}\" data-widget_type=\"image.default\">\n\t\t\t\t<div class=\"elementor-widget-container\">\n\t\t\t\t\t\t\t\t\t\t\t\t\t\t\t<img fetchpriority=\"high\" decoding=\"async\" width=\"1024\" height=\"1024\" src=\"https:\/\/befirstorientation.fr\/wp-content\/uploads\/2023\/09\/icon-1024x1024.png\" class=\"attachment-large size-large wp-image-704\" alt=\"orientation scolaire professionnelle logo\" srcset=\"https:\/\/befirstorientation.fr\/wp-content\/uploads\/2023\/09\/icon-1024x1024.png 1024w, https:\/\/befirstorientation.fr\/wp-content\/uploads\/2023\/09\/icon-300x300.png 300w, https:\/\/befirstorientation.fr\/wp-content\/uploads\/2023\/09\/icon-150x150.png 150w, https:\/\/befirstorientation.fr\/wp-content\/uploads\/2023\/09\/icon-768x768.png 768w, https:\/\/befirstorientation.fr\/wp-content\/uploads\/2023\/09\/icon-1536x1536.png 1536w, https:\/\/befirstorientation.fr\/wp-content\/uploads\/2023\/09\/icon-600x600.png 600w, https:\/\/befirstorientation.fr\/wp-content\/uploads\/2023\/09\/icon.png 2000w\" sizes=\"(max-width: 1024px) 100vw, 1024px\" \/>\t\t\t\t\t\t\t\t\t\t\t\t\t\t\t<\/div>\n\t\t\t\t<\/div>\n\t\t\t\t\t<\/div>\n\t\t<\/div>\n\t\t\t\t\t<\/div>\n\t\t<\/section>\n\t\t\t\t<section class=\"elementor-section elementor-top-section elementor-element elementor-element-52f8239 elementor-section-boxed elementor-section-height-default elementor-section-height-default\" data-id=\"52f8239\" data-element_type=\"section\" data-e-type=\"section\">\n\t\t\t\t\t\t<div class=\"elementor-container elementor-column-gap-default\">\n\t\t\t\t\t<div class=\"elementor-column elementor-col-100 elementor-top-column elementor-element elementor-element-2a8301f\" data-id=\"2a8301f\" data-element_type=\"column\" data-e-type=\"column\">\n\t\t\t<div class=\"elementor-widget-wrap elementor-element-populated\">\n\t\t\t\t\t\t<div class=\"elementor-element elementor-element-fd64aad animated-slow elementor-invisible elementor-widget elementor-widget-heading\" data-id=\"fd64aad\" data-element_type=\"widget\" data-e-type=\"widget\" data-settings=\"{&quot;_animation&quot;:&quot;fadeIn&quot;}\" data-widget_type=\"heading.default\">\n\t\t\t\t<div class=\"elementor-widget-container\">\n\t\t\t\t\t<h1 class=\"elementor-heading-title elementor-size-default\"><br>JEUNES EN RECHERCHE <br>D'UNE ALTERNANCE<\/h1>\t\t\t\t<\/div>\n\t\t\t\t<\/div>\n\t\t\t\t\t<\/div>\n\t\t<\/div>\n\t\t\t\t\t<\/div>\n\t\t<\/section>\n\t\t\t\t<section class=\"elementor-section elementor-top-section elementor-element elementor-element-ecf01e1 elementor-section-boxed elementor-section-height-default elementor-section-height-default\" data-id=\"ecf01e1\" data-element_type=\"section\" data-e-type=\"section\">\n\t\t\t\t\t\t<div class=\"elementor-container elementor-column-gap-default\">\n\t\t\t\t\t<div class=\"elementor-column elementor-col-100 elementor-top-column elementor-element elementor-element-6bf349c\" data-id=\"6bf349c\" data-element_type=\"column\" data-e-type=\"column\">\n\t\t\t<div class=\"elementor-widget-wrap elementor-element-populated\">\n\t\t\t\t\t\t<div class=\"elementor-element elementor-element-7826283 elementor-widget elementor-widget-heading\" data-id=\"7826283\" data-element_type=\"widget\" data-e-type=\"widget\" data-widget_type=\"heading.default\">\n\t\t\t\t<div class=\"elementor-widget-container\">\n\t\t\t\t\t<h2 class=\"elementor-heading-title elementor-size-default\">Alternance... Vous \u00eates-vous d\u00e9j\u00e0 pos\u00e9  l'une de ces questions : <\/h2>\t\t\t\t<\/div>\n\t\t\t\t<\/div>\n\t\t\t\t\t<\/div>\n\t\t<\/div>\n\t\t\t\t\t<\/div>\n\t\t<\/section>\n\t\t\t\t<section class=\"elementor-section elementor-top-section elementor-element elementor-element-c7a86c5 elementor-section-boxed elementor-section-height-default elementor-section-height-default\" data-id=\"c7a86c5\" data-element_type=\"section\" data-e-type=\"section\">\n\t\t\t\t\t\t<div class=\"elementor-container elementor-column-gap-default\">\n\t\t\t\t\t<div class=\"elementor-column elementor-col-50 elementor-top-column elementor-element elementor-element-a43c426\" data-id=\"a43c426\" data-element_type=\"column\" data-e-type=\"column\" data-settings=\"{&quot;background_background&quot;:&quot;classic&quot;}\">\n\t\t\t<div class=\"elementor-widget-wrap elementor-element-populated\">\n\t\t\t\t\t\t<div class=\"elementor-element elementor-element-fcc8c4e elementor-widget elementor-widget-text-editor\" data-id=\"fcc8c4e\" data-element_type=\"widget\" data-e-type=\"widget\" data-widget_type=\"text-editor.default\">\n\t\t\t\t<div class=\"elementor-widget-container\">\n\t\t\t\t\t\t\t\t\t<ul><li>Est ce que des \u00e9tudes en alternance sont faites pour vous ?<\/li><li>Comment se d\u00e9roule l&#8217;alternance entre l&#8217;\u00e9cole et l&#8217;entreprise ?<\/li><li>Comment s&#8217;organiser pour trouver une entreprise d&#8217;accueil ?<\/li><li>Quelles sont les \u00e9tudes possibles en alternance ?\u00a0<\/li><li>Quels sont les avantages et les inconv\u00e9nients des \u00e9tudes en alternance par rapport \u00e0 une formation initiale\u00a0 ?<\/li><\/ul>\t\t\t\t\t\t\t\t<\/div>\n\t\t\t\t<\/div>\n\t\t\t\t\t<\/div>\n\t\t<\/div>\n\t\t\t\t<div class=\"elementor-column elementor-col-50 elementor-top-column elementor-element elementor-element-beae87f\" data-id=\"beae87f\" data-element_type=\"column\" data-e-type=\"column\">\n\t\t\t<div class=\"elementor-widget-wrap elementor-element-populated\">\n\t\t\t\t\t\t<div class=\"elementor-element elementor-element-74179d0 elementor-widget__width-initial elementor-widget-mobile__width-initial elementor-invisible elementor-widget elementor-widget-text-editor\" data-id=\"74179d0\" data-element_type=\"widget\" data-e-type=\"widget\" data-settings=\"{&quot;_animation&quot;:&quot;fadeIn&quot;,&quot;_animation_mobile&quot;:&quot;fadeIn&quot;}\" data-widget_type=\"text-editor.default\">\n\t\t\t\t<div class=\"elementor-widget-container\">\n\t\t\t\t\t\t\t\t\t<p><strong>&#8220;\u00catre ou ne pas \u00eatre, telle est la question !&#8221; &#8211;\u00a0<\/strong> <strong>Shakespeare<\/strong><\/p>\t\t\t\t\t\t\t\t<\/div>\n\t\t\t\t<\/div>\n\t\t\t\t<div class=\"elementor-element elementor-element-6975b54 elementor-invisible elementor-widget elementor-widget-image\" data-id=\"6975b54\" data-element_type=\"widget\" data-e-type=\"widget\" data-settings=\"{&quot;_animation&quot;:&quot;fadeIn&quot;}\" data-widget_type=\"image.default\">\n\t\t\t\t<div class=\"elementor-widget-container\">\n\t\t\t\t\t\t\t\t\t\t\t\t\t\t\t<img decoding=\"async\" width=\"474\" height=\"316\" src=\"https:\/\/befirstorientation.fr\/wp-content\/uploads\/2023\/10\/th.jpeg\" class=\"attachment-1536x1536 size-1536x1536 wp-image-2930\" alt=\"groupe de jeune travaillant - Befirst orientation - recherche alternance- manosque digne gap\" srcset=\"https:\/\/befirstorientation.fr\/wp-content\/uploads\/2023\/10\/th.jpeg 474w, https:\/\/befirstorientation.fr\/wp-content\/uploads\/2023\/10\/th-300x200.jpeg 300w\" sizes=\"(max-width: 474px) 100vw, 474px\" \/>\t\t\t\t\t\t\t\t\t\t\t\t\t\t\t<\/div>\n\t\t\t\t<\/div>\n\t\t\t\t\t<\/div>\n\t\t<\/div>\n\t\t\t\t\t<\/div>\n\t\t<\/section>\n\t\t\t\t<section class=\"elementor-section elementor-top-section elementor-element elementor-element-1a17180 elementor-section-boxed elementor-section-height-default elementor-section-height-default\" data-id=\"1a17180\" data-element_type=\"section\" data-e-type=\"section\">\n\t\t\t\t\t\t<div class=\"elementor-container elementor-column-gap-default\">\n\t\t\t\t\t<div class=\"elementor-column elementor-col-100 elementor-top-column elementor-element elementor-element-47d53a5\" data-id=\"47d53a5\" data-element_type=\"column\" data-e-type=\"column\">\n\t\t\t<div class=\"elementor-widget-wrap elementor-element-populated\">\n\t\t\t\t\t\t<div class=\"elementor-element elementor-element-c684ec6 elementor-widget elementor-widget-heading\" data-id=\"c684ec6\" data-element_type=\"widget\" data-e-type=\"widget\" data-widget_type=\"heading.default\">\n\t\t\t\t<div class=\"elementor-widget-container\">\n\t\t\t\t\t<h2 class=\"elementor-heading-title elementor-size-default\"><b>La recherche d'une alternance : Bienvenue sur cette page d\u00e9di\u00e9e aux jeunes qui souhaitent combiner leurs \u00e9tudes entre l'\u00e9cole et le monde professionnel.<\/b><\/h2>\t\t\t\t<\/div>\n\t\t\t\t<\/div>\n\t\t\t\t<div class=\"elementor-element elementor-element-61911f6 elementor-widget elementor-widget-heading\" data-id=\"61911f6\" data-element_type=\"widget\" data-e-type=\"widget\" data-widget_type=\"heading.default\">\n\t\t\t\t<div class=\"elementor-widget-container\">\n\t\t\t\t\t<h2 class=\"elementor-heading-title elementor-size-default\"><b>Jeunes avant le Bac<\/b><\/h2>\t\t\t\t<\/div>\n\t\t\t\t<\/div>\n\t\t\t\t<div class=\"elementor-element elementor-element-accada1 elementor-widget elementor-widget-text-editor\" data-id=\"accada1\" data-element_type=\"widget\" data-e-type=\"widget\" data-widget_type=\"text-editor.default\">\n\t\t\t\t<div class=\"elementor-widget-container\">\n\t\t\t\t\t\t\t\t\t<p>Avant d&#8217;obtenir leur bac, l&#8217;apprentissage est souvent consid\u00e9r\u00e9 comme une alternative int\u00e9ressante aux \u00e9tudes sup\u00e9rieures. Les jeunes sont de plus en plus int\u00e9ress\u00e9s par l&#8217;id\u00e9e d&#8217;acqu\u00e9rir une <strong>exp\u00e9rience professionnelle<\/strong> et une certaine <strong>autonomie financi\u00e8re<\/strong> tout en obtenant un dipl\u00f4me.<\/p><p>Certains jeunes sont attir\u00e9s par l&#8217;apprentissage en raison des<strong> opportunit\u00e9s d&#8217;emploi imm\u00e9diates<\/strong> offertes apr\u00e8s de courtes \u00e9tudes.<\/p>\t\t\t\t\t\t\t\t<\/div>\n\t\t\t\t<\/div>\n\t\t\t\t<div class=\"elementor-element elementor-element-0e26eb2 elementor-widget elementor-widget-heading\" data-id=\"0e26eb2\" data-element_type=\"widget\" data-e-type=\"widget\" data-widget_type=\"heading.default\">\n\t\t\t\t<div class=\"elementor-widget-container\">\n\t\t\t\t\t<h2 class=\"elementor-heading-title elementor-size-default\"><b>Jeunes ayant obtenu le Bac <\/b><\/h2>\t\t\t\t<\/div>\n\t\t\t\t<\/div>\n\t\t\t\t<div class=\"elementor-element elementor-element-ee03a45 elementor-widget elementor-widget-text-editor\" data-id=\"ee03a45\" data-element_type=\"widget\" data-e-type=\"widget\" data-widget_type=\"text-editor.default\">\n\t\t\t\t<div class=\"elementor-widget-container\">\n\t\t\t\t\t\t\t\t\t<p>Pour les jeunes ayant obtenu le bac, l&#8217;apprentissage est devenu de plus en plus attractif en raison de\u00a0 &#8220;mix&#8221;\u00a0 \u00e9tudes et entreprise.<\/p>\t\t\t\t\t\t\t\t<\/div>\n\t\t\t\t<\/div>\n\t\t\t\t<div class=\"elementor-element elementor-element-3280dd7 elementor-widget elementor-widget-heading\" data-id=\"3280dd7\" data-element_type=\"widget\" data-e-type=\"widget\" data-widget_type=\"heading.default\">\n\t\t\t\t<div class=\"elementor-widget-container\">\n\t\t\t\t\t<h2 class=\"elementor-heading-title elementor-size-default\"><b>Probl\u00e9matiques rencontr\u00e9es lors de la recherche d'une alternance<\/h2>\t\t\t\t<\/div>\n\t\t\t\t<\/div>\n\t\t\t\t<div class=\"elementor-element elementor-element-7b63a07 elementor-widget elementor-widget-text-editor\" data-id=\"7b63a07\" data-element_type=\"widget\" data-e-type=\"widget\" data-widget_type=\"text-editor.default\">\n\t\t\t\t<div class=\"elementor-widget-container\">\n\t\t\t\t\t\t\t\t\t<p><em><strong>Les jeunes aspirant \u00e0 des \u00e9tudes en alternance se heurtent aujourd&#8217;hui \u00e0 une s\u00e9rie de difficult\u00e9s lorsqu&#8217;il s&#8217;agit de trouver une entreprise d&#8217;accueil.<\/strong><\/em><\/p><p>La probl\u00e9matique commence souvent par un manque d&#8217;accompagnement :<\/p><h3><strong>Beaucoup de jeunes ne savent pas par o\u00f9 commencer !<br \/><\/strong><\/h3><p>Comment cibler les entreprises correspondant \u00e0 leurs aspirations professionnelles et comment se d\u00e9marquer parmi les nombreux candidats ?<\/p><p>Le probl\u00e8me se renforce souvent par<strong> la r\u00e9daction de CV et de lettres de motivation<\/strong> non convaincants. Manquant d&#8217;exp\u00e9rience professionnelle significative, les jeunes peuvent avoir du mal \u00e0 mettre en lumi\u00e8re leurs comp\u00e9tences et r\u00e9alisations de mani\u00e8re \u00e0 captiver les employeurs potentiels. Ces CV et lettres de motivation, ne parvenant pas \u00e0 d\u00e9montrer pleinement leur potentiel, limitent leurs opportunit\u00e9s.<\/p><p>Un autre d\u00e9fi majeur r\u00e9side dans le manque de <strong>pr\u00e9paration aux entretiens<\/strong>. Face \u00e0 des recruteurs exp\u00e9riment\u00e9s, les jeunes peuvent se sentir intimid\u00e9s et ne pas savoir comment pr\u00e9senter leurs comp\u00e9tences et motivations de mani\u00e8re impactante. Ce manque de confiance et de pr\u00e9paration peut malheureusement compromettre leurs chances de succ\u00e8s lors des entretiens, m\u00eame s&#8217;ils poss\u00e8dent le talent et la passion n\u00e9cessaires pour le poste.<\/p>\t\t\t\t\t\t\t\t<\/div>\n\t\t\t\t<\/div>\n\t\t\t\t<div class=\"elementor-element elementor-element-86c51eb elementor-widget elementor-widget-heading\" data-id=\"86c51eb\" data-element_type=\"widget\" data-e-type=\"widget\" data-widget_type=\"heading.default\">\n\t\t\t\t<div class=\"elementor-widget-container\">\n\t\t\t\t\t<h2 class=\"elementor-heading-title elementor-size-default\"><b>Afin de relever ces d\u00e9fis, un accompagnement personnalis\u00e9 dans la recherche d'une alternance est primordial !<\/b><\/h2>\t\t\t\t<\/div>\n\t\t\t\t<\/div>\n\t\t\t\t<div class=\"elementor-element elementor-element-ca887e3 elementor-widget elementor-widget-text-editor\" data-id=\"ca887e3\" data-element_type=\"widget\" data-e-type=\"widget\" data-widget_type=\"text-editor.default\">\n\t\t\t\t<div class=\"elementor-widget-container\">\n\t\t\t\t\t\t\t\t\t<p><strong>BEFIRST orientation<\/strong> se distingue en tant qu&#8217;alli\u00e9 essentiel pour les jeunes cherchant des opportunit\u00e9s d&#8217;apprentissage. Gr\u00e2ce \u00e0 une expertise approfondie, j&#8217;accompagne les jeunes vers les formations en apprentissage adapt\u00e9es \u00e0 leurs aspirations.<\/p><p>Je suis l\u00e0 pour aider les jeunes \u00e0 se mettre en valeur en les aidant \u00e0 cr\u00e9er des <b>CV percutants et des lettres de motivation convaincantes<\/b>, \u00e9l\u00e9ments cl\u00e9s pour impressionner les recruteurs. De plus, je vous propose une <b>pr\u00e9paration aux entretiens de recrutement,<\/b> pr\u00e9parant ainsi les jeunes \u00e0 affronter ces moments d\u00e9cisifs avec confiance.<\/p><p>Du <b>conseil en image<\/b>, un aspect souvent n\u00e9glig\u00e9 mais essentiel dans le monde professionnel permet de guider les jeunes sur leur apparence et leur comportement, bref \u00e0 s&#8217;approprier les codes de l&#8217;entreprise.<\/p>\t\t\t\t\t\t\t\t<\/div>\n\t\t\t\t<\/div>\n\t\t\t\t\t<\/div>\n\t\t<\/div>\n\t\t\t\t\t<\/div>\n\t\t<\/section>\n\t\t\t\t<section class=\"elementor-section elementor-top-section elementor-element elementor-element-9d7c06f elementor-section-boxed elementor-section-height-default elementor-section-height-default elementor-invisible\" data-id=\"9d7c06f\" data-element_type=\"section\" data-e-type=\"section\" data-settings=\"{&quot;background_background&quot;:&quot;classic&quot;,&quot;animation&quot;:&quot;bounceIn&quot;}\">\n\t\t\t\t\t\t\t<div class=\"elementor-background-overlay\"><\/div>\n\t\t\t\t\t\t\t<div class=\"elementor-container elementor-column-gap-default\">\n\t\t\t\t\t<div class=\"elementor-column elementor-col-100 elementor-top-column elementor-element elementor-element-93ef5e4\" data-id=\"93ef5e4\" data-element_type=\"column\" data-e-type=\"column\">\n\t\t\t<div class=\"elementor-widget-wrap elementor-element-populated\">\n\t\t\t\t\t\t<div class=\"elementor-element elementor-element-71c41eb elementor-widget elementor-widget-heading\" data-id=\"71c41eb\" data-element_type=\"widget\" data-e-type=\"widget\" data-widget_type=\"heading.default\">\n\t\t\t\t<div class=\"elementor-widget-container\">\n\t\t\t\t\t<h2 class=\"elementor-heading-title elementor-size-default\"><br><br><br><br><br>D\u00e9couvrez les services que nous proposons aux futurs alternants<br><br><br><\/h2>\t\t\t\t<\/div>\n\t\t\t\t<\/div>\n\t\t\t\t\t<\/div>\n\t\t<\/div>\n\t\t\t\t\t<\/div>\n\t\t<\/section>\n\t\t\t\t<section class=\"elementor-section elementor-top-section elementor-element elementor-element-c0fec2e elementor-section-boxed elementor-section-height-default elementor-section-height-default\" data-id=\"c0fec2e\" data-element_type=\"section\" data-e-type=\"section\">\n\t\t\t\t\t\t<div class=\"elementor-container elementor-column-gap-default\">\n\t\t\t\t\t<div class=\"elementor-column elementor-col-50 elementor-top-column elementor-element elementor-element-f6ca2bb\" data-id=\"f6ca2bb\" data-element_type=\"column\" data-e-type=\"column\">\n\t\t\t<div class=\"elementor-widget-wrap elementor-element-populated\">\n\t\t\t\t\t\t<div class=\"elementor-element elementor-element-be00f16 elementor-align-center elementor-invisible elementor-widget elementor-widget-button\" data-id=\"be00f16\" data-element_type=\"widget\" data-e-type=\"widget\" data-settings=\"{&quot;_animation&quot;:&quot;fadeInUp&quot;,&quot;_animation_mobile&quot;:&quot;fadeIn&quot;,&quot;_animation_delay&quot;:100}\" data-widget_type=\"button.default\">\n\t\t\t\t<div class=\"elementor-widget-container\">\n\t\t\t\t\t\t\t\t\t<div class=\"elementor-button-wrapper\">\n\t\t\t\t\t<a class=\"elementor-button elementor-button-link elementor-size-sm\" href=\"https:\/\/befirstorientation.fr\/index.php\/bilan-dorientation\/\">\n\t\t\t\t\t\t<span class=\"elementor-button-content-wrapper\">\n\t\t\t\t\t\t\t\t\t<span class=\"elementor-button-text\">Bilan d'orientation<\/span>\n\t\t\t\t\t<\/span>\n\t\t\t\t\t<\/a>\n\t\t\t\t<\/div>\n\t\t\t\t\t\t\t\t<\/div>\n\t\t\t\t<\/div>\n\t\t\t\t\t<\/div>\n\t\t<\/div>\n\t\t\t\t<div class=\"elementor-column elementor-col-50 elementor-top-column elementor-element elementor-element-19caa51\" data-id=\"19caa51\" data-element_type=\"column\" data-e-type=\"column\">\n\t\t\t<div class=\"elementor-widget-wrap elementor-element-populated\">\n\t\t\t\t\t\t<div class=\"elementor-element elementor-element-037faf8 elementor-align-center elementor-invisible elementor-widget elementor-widget-button\" data-id=\"037faf8\" data-element_type=\"widget\" data-e-type=\"widget\" data-settings=\"{&quot;_animation&quot;:&quot;fadeInUp&quot;,&quot;_animation_mobile&quot;:&quot;fadeIn&quot;,&quot;_animation_delay&quot;:600}\" data-widget_type=\"button.default\">\n\t\t\t\t<div class=\"elementor-widget-container\">\n\t\t\t\t\t\t\t\t\t<div class=\"elementor-button-wrapper\">\n\t\t\t\t\t<a class=\"elementor-button elementor-button-link elementor-size-sm\" href=\"https:\/\/befirstorientation.fr\/index.php\/recherche-d-une-alternance\/\">\n\t\t\t\t\t\t<span class=\"elementor-button-content-wrapper\">\n\t\t\t\t\t\t\t\t\t<span class=\"elementor-button-text\">Support \u00e0 la recherche  d'une alternance<\/span>\n\t\t\t\t\t<\/span>\n\t\t\t\t\t<\/a>\n\t\t\t\t<\/div>\n\t\t\t\t\t\t\t\t<\/div>\n\t\t\t\t<\/div>\n\t\t\t\t\t<\/div>\n\t\t<\/div>\n\t\t\t\t\t<\/div>\n\t\t<\/section>\n\t\t\t\t<\/div>\n\t\t","protected":false},"excerpt":{"rendered":"<p>JEUNES EN RECHERCHE D&#8217;UNE ALTERNANCE Alternance&#8230; Vous \u00eates-vous d\u00e9j\u00e0 pos\u00e9 l&#8217;une de ces questions : Est ce que des \u00e9tudes en alternance sont faites pour vous ? Comment se d\u00e9roule l&#8217;alternance entre l&#8217;\u00e9cole et l&#8217;entreprise ? Comment s&#8217;organiser pour trouver une entreprise d&#8217;accueil ? Quelles sont les \u00e9tudes possibles en alternance ?\u00a0 Quels sont les [&hellip;]<\/p>\n","protected":false},"author":1,"featured_media":0,"parent":0,"menu_order":0,"comment_status":"closed","ping_status":"closed","template":"","meta":{"_monsterinsights_skip_tracking":false,"_monsterinsights_sitenote_active":false,"_monsterinsights_sitenote_note":"","_monsterinsights_sitenote_category":0,"_uf_show_specific_survey":0,"_uf_disable_surveys":false,"ocean_post_layout":"","ocean_both_sidebars_style":"","ocean_both_sidebars_content_width":0,"ocean_both_sidebars_sidebars_width":0,"ocean_sidebar":"","ocean_second_sidebar":"","ocean_disable_margins":"enable","ocean_add_body_class":"","ocean_shortcode_before_top_bar":"","ocean_shortcode_after_top_bar":"","ocean_shortcode_before_header":"","ocean_shortcode_after_header":"","ocean_has_shortcode":"","ocean_shortcode_after_title":"","ocean_shortcode_before_footer_widgets":"","ocean_shortcode_after_footer_widgets":"","ocean_shortcode_before_footer_bottom":"","ocean_shortcode_after_footer_bottom":"","ocean_display_top_bar":"default","ocean_display_header":"default","ocean_header_style":"","ocean_center_header_left_menu":"","ocean_custom_header_template":"","ocean_custom_logo":0,"ocean_custom_retina_logo":0,"ocean_custom_logo_max_width":0,"ocean_custom_logo_tablet_max_width":0,"ocean_custom_logo_mobile_max_width":0,"ocean_custom_logo_max_height":0,"ocean_custom_logo_tablet_max_height":0,"ocean_custom_logo_mobile_max_height":0,"ocean_header_custom_menu":"","ocean_menu_typo_font_family":"","ocean_menu_typo_font_subset":"","ocean_menu_typo_font_size":0,"ocean_menu_typo_font_size_tablet":0,"ocean_menu_typo_font_size_mobile":0,"ocean_menu_typo_font_size_unit":"px","ocean_menu_typo_font_weight":"","ocean_menu_typo_font_weight_tablet":"","ocean_menu_typo_font_weight_mobile":"","ocean_menu_typo_transform":"","ocean_menu_typo_transform_tablet":"","ocean_menu_typo_transform_mobile":"","ocean_menu_typo_line_height":0,"ocean_menu_typo_line_height_tablet":0,"ocean_menu_typo_line_height_mobile":0,"ocean_menu_typo_line_height_unit":"","ocean_menu_typo_spacing":0,"ocean_menu_typo_spacing_tablet":0,"ocean_menu_typo_spacing_mobile":0,"ocean_menu_typo_spacing_unit":"","ocean_menu_link_color":"","ocean_menu_link_color_hover":"","ocean_menu_link_color_active":"","ocean_menu_link_background":"","ocean_menu_link_hover_background":"","ocean_menu_link_active_background":"","ocean_menu_social_links_bg":"","ocean_menu_social_hover_links_bg":"","ocean_menu_social_links_color":"","ocean_menu_social_hover_links_color":"","ocean_disable_title":"default","ocean_disable_heading":"default","ocean_post_title":"","ocean_post_subheading":"","ocean_post_title_style":"","ocean_post_title_background_color":"","ocean_post_title_background":0,"ocean_post_title_bg_image_position":"","ocean_post_title_bg_image_attachment":"","ocean_post_title_bg_image_repeat":"","ocean_post_title_bg_image_size":"","ocean_post_title_height":0,"ocean_post_title_bg_overlay":0.5,"ocean_post_title_bg_overlay_color":"","ocean_disable_breadcrumbs":"default","ocean_breadcrumbs_color":"","ocean_breadcrumbs_separator_color":"","ocean_breadcrumbs_links_color":"","ocean_breadcrumbs_links_hover_color":"","ocean_display_footer_widgets":"default","ocean_display_footer_bottom":"default","ocean_custom_footer_template":"","footnotes":""},"class_list":["post-65","page","type-page","status-publish","hentry","entry"],"jetpack_sharing_enabled":true,"_links":{"self":[{"href":"https:\/\/befirstorientation.fr\/index.php\/wp-json\/wp\/v2\/pages\/65","targetHints":{"allow":["GET"]}}],"collection":[{"href":"https:\/\/befirstorientation.fr\/index.php\/wp-json\/wp\/v2\/pages"}],"about":[{"href":"https:\/\/befirstorientation.fr\/index.php\/wp-json\/wp\/v2\/types\/page"}],"author":[{"embeddable":true,"href":"https:\/\/befirstorientation.fr\/index.php\/wp-json\/wp\/v2\/users\/1"}],"replies":[{"embeddable":true,"href":"https:\/\/befirstorientation.fr\/index.php\/wp-json\/wp\/v2\/comments?post=65"}],"version-history":[{"count":0,"href":"https:\/\/befirstorientation.fr\/index.php\/wp-json\/wp\/v2\/pages\/65\/revisions"}],"wp:attachment":[{"href":"https:\/\/befirstorientation.fr\/index.php\/wp-json\/wp\/v2\/media?parent=65"}],"curies":[{"name":"wp","href":"https:\/\/api.w.org\/{rel}","templated":true}]}}