{"id":64,"date":"2023-09-04T15:39:26","date_gmt":"2023-09-04T13:39:26","guid":{"rendered":"https:\/\/befirstorientation.fr\/?page_id=64"},"modified":"2024-01-25T12:32:59","modified_gmt":"2024-01-25T11:32:59","slug":"accompagnement-parcoursup","status":"publish","type":"page","link":"https:\/\/befirstorientation.fr\/index.php\/accompagnement-parcoursup\/","title":{"rendered":"Accompagnement Parcoursup"},"content":{"rendered":"\t\t<div data-elementor-type=\"wp-page\" data-elementor-id=\"64\" class=\"elementor elementor-64\" data-elementor-post-type=\"page\">\n\t\t\t\t\t\t<section class=\"elementor-section elementor-top-section elementor-element elementor-element-e9b08e9 elementor-section-boxed elementor-section-height-default elementor-section-height-default\" data-id=\"e9b08e9\" data-element_type=\"section\" data-e-type=\"section\">\n\t\t\t\t\t\t<div class=\"elementor-container elementor-column-gap-default\">\n\t\t\t\t\t<div class=\"elementor-column elementor-col-100 elementor-top-column elementor-element elementor-element-6297e19\" data-id=\"6297e19\" data-element_type=\"column\" data-e-type=\"column\">\n\t\t\t<div class=\"elementor-widget-wrap elementor-element-populated\">\n\t\t\t\t\t\t<div class=\"elementor-element elementor-element-abcfdfe elementor-widget elementor-widget-image\" data-id=\"abcfdfe\" data-element_type=\"widget\" data-e-type=\"widget\" data-settings=\"{&quot;_animation_mobile&quot;:&quot;fadeInUp&quot;}\" data-widget_type=\"image.default\">\n\t\t\t\t<div class=\"elementor-widget-container\">\n\t\t\t\t\t\t\t\t\t\t\t\t\t\t\t<img fetchpriority=\"high\" decoding=\"async\" width=\"1024\" height=\"1024\" src=\"https:\/\/befirstorientation.fr\/wp-content\/uploads\/2023\/09\/icon-1024x1024.png\" class=\"attachment-large size-large wp-image-704\" alt=\"orientation scolaire professionnelle logo\" srcset=\"https:\/\/befirstorientation.fr\/wp-content\/uploads\/2023\/09\/icon-1024x1024.png 1024w, https:\/\/befirstorientation.fr\/wp-content\/uploads\/2023\/09\/icon-300x300.png 300w, https:\/\/befirstorientation.fr\/wp-content\/uploads\/2023\/09\/icon-150x150.png 150w, https:\/\/befirstorientation.fr\/wp-content\/uploads\/2023\/09\/icon-768x768.png 768w, https:\/\/befirstorientation.fr\/wp-content\/uploads\/2023\/09\/icon-1536x1536.png 1536w, https:\/\/befirstorientation.fr\/wp-content\/uploads\/2023\/09\/icon-600x600.png 600w, https:\/\/befirstorientation.fr\/wp-content\/uploads\/2023\/09\/icon.png 2000w\" sizes=\"(max-width: 1024px) 100vw, 1024px\" \/>\t\t\t\t\t\t\t\t\t\t\t\t\t\t\t<\/div>\n\t\t\t\t<\/div>\n\t\t\t\t<div class=\"elementor-element elementor-element-99711d2 elementor-invisible elementor-widget elementor-widget-heading\" data-id=\"99711d2\" data-element_type=\"widget\" data-e-type=\"widget\" data-settings=\"{&quot;_animation&quot;:&quot;fadeIn&quot;}\" data-widget_type=\"heading.default\">\n\t\t\t\t<div class=\"elementor-widget-container\">\n\t\t\t\t\t<h1 class=\"elementor-heading-title elementor-size-default\">ACCOMPAGNEMENT PARCOURSUP<\/h1>\t\t\t\t<\/div>\n\t\t\t\t<\/div>\n\t\t\t\t\t<\/div>\n\t\t<\/div>\n\t\t\t\t\t<\/div>\n\t\t<\/section>\n\t\t\t\t<section class=\"elementor-section elementor-top-section elementor-element elementor-element-7d95ef3 elementor-section-boxed elementor-section-height-default elementor-section-height-default\" data-id=\"7d95ef3\" data-element_type=\"section\" data-e-type=\"section\">\n\t\t\t\t\t\t<div class=\"elementor-container elementor-column-gap-default\">\n\t\t\t\t\t<div class=\"elementor-column elementor-col-50 elementor-top-column elementor-element elementor-element-6d0e617 elementor-invisible\" data-id=\"6d0e617\" data-element_type=\"column\" data-e-type=\"column\" data-settings=\"{&quot;background_background&quot;:&quot;classic&quot;,&quot;animation&quot;:&quot;slideInLeft&quot;}\">\n\t\t\t<div class=\"elementor-widget-wrap elementor-element-populated\">\n\t\t\t\t\t\t<div class=\"elementor-element elementor-element-7460480 elementor-widget elementor-widget-text-editor\" data-id=\"7460480\" data-element_type=\"widget\" data-e-type=\"widget\" data-widget_type=\"text-editor.default\">\n\t\t\t\t<div class=\"elementor-widget-container\">\n\t\t\t\t\t\t\t\t\t<p>Un accompagnement Parcoursup vous assure de d\u00e9couvrir une formation post-bac align\u00e9e avec votre projet scolaire et professionnel.<\/p><div class=\"flex flex-grow flex-col max-w-full gap-3 gizmo:gap-0\"><div class=\"min-h-[20px] text-message flex flex-col items-start gap-3 whitespace-pre-wrap break-words [.text-message+&amp;]:mt-5 overflow-x-auto\" data-message-author-role=\"assistant\" data-message-id=\"63848e31-b311-4065-b891-6e42b10153f0\"><div class=\"markdown prose w-full break-words dark:prose-invert light\"><p>Cet accompagnement est sp\u00e9cifiquement con\u00e7ue pour les lyc\u00e9ens ayant <strong>un projet professionnel clairement d\u00e9fini<\/strong>. En revanche, pour les autres \u00e9l\u00e8ves,<span style=\"text-decoration: underline;\"> un bilan d&#8217;orientation complet est recommand\u00e9<\/span> pour mieux \u00e9valuer leurs aptitudes et comp\u00e9tences.<\/p><\/div><\/div><\/div><ul><li>Expertise approfondie sur les diff\u00e9rentes formations, \u00e9coles et cursus post-bac.<\/li><li>Mise en \u0153uvre de la strat\u00e9gie optimale pour garantir le succ\u00e8s de vos inscriptions.<\/li><li>Analyse du profil et du dossier scolaire de l&#8217;\u00e9l\u00e8ve pour l&#8217;orienter au mieux vers des parcours propices \u00e0 sa r\u00e9ussite.<\/li><\/ul>\t\t\t\t\t\t\t\t<\/div>\n\t\t\t\t<\/div>\n\t\t\t\t\t<\/div>\n\t\t<\/div>\n\t\t\t\t<div class=\"elementor-column elementor-col-50 elementor-top-column elementor-element elementor-element-5cb123c elementor-invisible\" data-id=\"5cb123c\" data-element_type=\"column\" data-e-type=\"column\" data-settings=\"{&quot;animation&quot;:&quot;fadeIn&quot;,&quot;animation_mobile&quot;:&quot;fadeIn&quot;}\">\n\t\t\t<div class=\"elementor-widget-wrap elementor-element-populated\">\n\t\t\t\t\t\t<div class=\"elementor-element elementor-element-e688a91 animated-slow elementor-invisible elementor-widget elementor-widget-image\" data-id=\"e688a91\" data-element_type=\"widget\" data-e-type=\"widget\" data-settings=\"{&quot;_animation&quot;:&quot;fadeIn&quot;,&quot;_animation_delay&quot;:500}\" data-widget_type=\"image.default\">\n\t\t\t\t<div class=\"elementor-widget-container\">\n\t\t\t\t\t\t\t\t\t\t\t\t\t\t\t<img decoding=\"async\" width=\"500\" height=\"333\" src=\"https:\/\/befirstorientation.fr\/wp-content\/uploads\/2023\/11\/jeune-homme-qui-reflechit-befirst-orientation-coaching-parcoursup-Manosque-Digne-Gap.webp\" class=\"attachment-large size-large wp-image-3546\" alt=\"accompagnement parcoursup - Manosque Digne Gap\" srcset=\"https:\/\/befirstorientation.fr\/wp-content\/uploads\/2023\/11\/jeune-homme-qui-reflechit-befirst-orientation-coaching-parcoursup-Manosque-Digne-Gap.webp 500w, https:\/\/befirstorientation.fr\/wp-content\/uploads\/2023\/11\/jeune-homme-qui-reflechit-befirst-orientation-coaching-parcoursup-Manosque-Digne-Gap-300x200.webp 300w\" sizes=\"(max-width: 500px) 100vw, 500px\" \/>\t\t\t\t\t\t\t\t\t\t\t\t\t\t\t<\/div>\n\t\t\t\t<\/div>\n\t\t\t\t\t<\/div>\n\t\t<\/div>\n\t\t\t\t\t<\/div>\n\t\t<\/section>\n\t\t\t\t<section class=\"elementor-section elementor-top-section elementor-element elementor-element-08722cc elementor-section-boxed elementor-section-height-default elementor-section-height-default\" data-id=\"08722cc\" data-element_type=\"section\" data-e-type=\"section\">\n\t\t\t\t\t\t<div class=\"elementor-container elementor-column-gap-default\">\n\t\t\t\t\t<div class=\"elementor-column elementor-col-100 elementor-top-column elementor-element elementor-element-f0a1dfa\" data-id=\"f0a1dfa\" data-element_type=\"column\" data-e-type=\"column\">\n\t\t\t<div class=\"elementor-widget-wrap elementor-element-populated\">\n\t\t\t\t\t\t<div class=\"elementor-element elementor-element-cc928c7 elementor-widget elementor-widget-heading\" data-id=\"cc928c7\" data-element_type=\"widget\" data-e-type=\"widget\" data-widget_type=\"heading.default\">\n\t\t\t\t<div class=\"elementor-widget-container\">\n\t\t\t\t\t<h2 class=\"elementor-heading-title elementor-size-default\">D\u00e9roulement de l'accompagnement Parcoursup<\/h2>\t\t\t\t<\/div>\n\t\t\t\t<\/div>\n\t\t\t\t<div class=\"elementor-element elementor-element-87597f1 elementor-widget elementor-widget-text-editor\" data-id=\"87597f1\" data-element_type=\"widget\" data-e-type=\"widget\" data-widget_type=\"text-editor.default\">\n\t\t\t\t<div class=\"elementor-widget-container\">\n\t\t\t\t\t\t\t\t\t<div><div><div><div class=\"flex flex-grow flex-col gap-3 max-w-full\"><div class=\"min-h-[20px] flex flex-col items-start gap-3 overflow-x-auto whitespace-pre-wrap break-words\"><div class=\"markdown prose w-full break-words dark:prose-invert light\"><div class=\"flex flex-grow flex-col max-w-full gap-3 gizmo:gap-0\"><div class=\"min-h-[20px] text-message flex flex-col items-start gap-3 whitespace-pre-wrap break-words [.text-message+&amp;]:mt-5 overflow-x-auto\" data-message-author-role=\"assistant\" data-message-id=\"1076d284-6ed2-4c28-b772-38c40ac774cc\"><div class=\"markdown prose w-full break-words dark:prose-invert light\"><p>Les d\u00e9marches d&#8217;inscription dans l&#8217;enseignement sup\u00e9rieur peuvent devenir rapidement un d\u00e9fi pour les familles. Les choix cruciaux que votre enfant doit faire pour son parcours se d\u00e9roulent dans un contexte d&#8217;incertitude et dans un environnement complexe, g\u00e9n\u00e9rant une r\u00e9elle anxi\u00e9t\u00e9.<\/p><p>D&#8217;abord, la plupart des formations recrutent via la plateforme Parcoursup, tandis que d&#8217;autres ont des processus ind\u00e9pendants. La diversit\u00e9 des offres de formations et les diff\u00e9rentes modalit\u00e9s d&#8217;inscription peuvent sembler d\u00e9concertantes.<\/p><\/div><\/div><\/div><\/div><\/div><\/div><\/div><\/div><\/div>\t\t\t\t\t\t\t\t<\/div>\n\t\t\t\t<\/div>\n\t\t\t\t<div class=\"elementor-element elementor-element-76297f7 elementor-widget elementor-widget-heading\" data-id=\"76297f7\" data-element_type=\"widget\" data-e-type=\"widget\" data-widget_type=\"heading.default\">\n\t\t\t\t<div class=\"elementor-widget-container\">\n\t\t\t\t\t<h3 class=\"elementor-heading-title elementor-size-default\"><b>S\u00e9lection des Formations Parcoursup :<\/b><\/h3>\t\t\t\t<\/div>\n\t\t\t\t<\/div>\n\t\t\t\t<div class=\"elementor-element elementor-element-a763d11 elementor-widget elementor-widget-text-editor\" data-id=\"a763d11\" data-element_type=\"widget\" data-e-type=\"widget\" data-widget_type=\"text-editor.default\">\n\t\t\t\t<div class=\"elementor-widget-container\">\n\t\t\t\t\t\t\t\t\t<p>S\u00e9lection des formations qui correspondent le mieux \u00e0 leurs int\u00e9r\u00eats (<strong>parmi les 23000 formations propos\u00e9es <\/strong>!), comp\u00e9tences et objectifs de carri\u00e8re, nous examinons ensemble les options disponibles sur Parcoursup en tenant compte de leurs aspirations futures.<\/p>\t\t\t\t\t\t\t\t<\/div>\n\t\t\t\t<\/div>\n\t\t\t\t<div class=\"elementor-element elementor-element-3b5cd7d elementor-widget elementor-widget-heading\" data-id=\"3b5cd7d\" data-element_type=\"widget\" data-e-type=\"widget\" data-widget_type=\"heading.default\">\n\t\t\t\t<div class=\"elementor-widget-container\">\n\t\t\t\t\t<h3 class=\"elementor-heading-title elementor-size-default\"><b>Optimisation du Dossier Parcoursup :<\/b><\/h3>\t\t\t\t<\/div>\n\t\t\t\t<\/div>\n\t\t\t\t<div class=\"elementor-element elementor-element-d3a2563 elementor-widget elementor-widget-text-editor\" data-id=\"d3a2563\" data-element_type=\"widget\" data-e-type=\"widget\" data-widget_type=\"text-editor.default\">\n\t\t\t\t<div class=\"elementor-widget-container\">\n\t\t\t\t\t\t\t\t\t<p>Les lyc\u00e9ens sont guid\u00e9s dans la r\u00e9daction de leur dossier Parcoursup en mettant en avant leurs exp\u00e9riences scolaires, leurs comp\u00e9tences, leurs centres d&#8217;int\u00e9rets et leurs r\u00e9alisations. <\/p>\t\t\t\t\t\t\t\t<\/div>\n\t\t\t\t<\/div>\n\t\t\t\t<div class=\"elementor-element elementor-element-154033b elementor-widget elementor-widget-heading\" data-id=\"154033b\" data-element_type=\"widget\" data-e-type=\"widget\" data-widget_type=\"heading.default\">\n\t\t\t\t<div class=\"elementor-widget-container\">\n\t\t\t\t\t<h3 class=\"elementor-heading-title elementor-size-default\"><b>Pr\u00e9paration du CV et des Lettres de Motivation :<\/b><\/h3>\t\t\t\t<\/div>\n\t\t\t\t<\/div>\n\t\t\t\t<div class=\"elementor-element elementor-element-5d91ea3 elementor-widget elementor-widget-text-editor\" data-id=\"5d91ea3\" data-element_type=\"widget\" data-e-type=\"widget\" data-widget_type=\"text-editor.default\">\n\t\t\t\t<div class=\"elementor-widget-container\">\n\t\t\t\t\t\t\t\t\t<p>R\u00e9daction de lettres de motivation percutantes, soulignant leur motivation \u00e0 int\u00e9grer les formations de leur choix. <\/p>\t\t\t\t\t\t\t\t<\/div>\n\t\t\t\t<\/div>\n\t\t\t\t<div class=\"elementor-element elementor-element-7dc2113 elementor-widget elementor-widget-heading\" data-id=\"7dc2113\" data-element_type=\"widget\" data-e-type=\"widget\" data-widget_type=\"heading.default\">\n\t\t\t\t<div class=\"elementor-widget-container\">\n\t\t\t\t\t<h3 class=\"elementor-heading-title elementor-size-default\"><b>Simulations d'Entretiens :<\/b><\/h3>\t\t\t\t<\/div>\n\t\t\t\t<\/div>\n\t\t\t\t<div class=\"elementor-element elementor-element-54c25a3 elementor-widget elementor-widget-text-editor\" data-id=\"54c25a3\" data-element_type=\"widget\" data-e-type=\"widget\" data-widget_type=\"text-editor.default\">\n\t\t\t\t<div class=\"elementor-widget-container\">\n\t\t\t\t\t\t\t\t\t<p>Pour les formations n\u00e9cessitant des entretiens, s\u00e9ances de simulation d&#8217;entretien sont propos\u00e9es. Cela permet aux lyc\u00e9ens de se familiariser avec le processus d&#8217;entretien, de r\u00e9pondre aux questions de mani\u00e8re confiante et d&#8217;augmenter leurs chances de r\u00e9ussite.<\/p>\t\t\t\t\t\t\t\t<\/div>\n\t\t\t\t<\/div>\n\t\t\t\t<section class=\"elementor-section elementor-inner-section elementor-element elementor-element-abd0a29 elementor-section-boxed elementor-section-height-default elementor-section-height-default\" data-id=\"abd0a29\" data-element_type=\"section\" data-e-type=\"section\">\n\t\t\t\t\t\t<div class=\"elementor-container elementor-column-gap-default\">\n\t\t\t\t\t<div class=\"elementor-column elementor-col-50 elementor-inner-column elementor-element elementor-element-075b8cd\" data-id=\"075b8cd\" data-element_type=\"column\" data-e-type=\"column\">\n\t\t\t<div class=\"elementor-widget-wrap elementor-element-populated\">\n\t\t\t\t\t\t<div class=\"elementor-element elementor-element-8c6a2db elementor-widget elementor-widget-text-editor\" data-id=\"8c6a2db\" data-element_type=\"widget\" data-e-type=\"widget\" data-widget_type=\"text-editor.default\">\n\t\t\t\t<div class=\"elementor-widget-container\">\n\t\t\t\t\t\t\t\t\t<p><a href=\"https:\/\/www.parcoursup.gouv.fr\/\" target=\"_blank\" rel=\"noopener\">https:\/\/www.parcoursup.gouv.fr\/<\/a><\/p>\t\t\t\t\t\t\t\t<\/div>\n\t\t\t\t<\/div>\n\t\t\t\t\t<\/div>\n\t\t<\/div>\n\t\t\t\t<div class=\"elementor-column elementor-col-50 elementor-inner-column elementor-element elementor-element-87fa062\" data-id=\"87fa062\" data-element_type=\"column\" data-e-type=\"column\">\n\t\t\t<div class=\"elementor-widget-wrap\">\n\t\t\t\t\t\t\t<\/div>\n\t\t<\/div>\n\t\t\t\t\t<\/div>\n\t\t<\/section>\n\t\t\t\t\t<\/div>\n\t\t<\/div>\n\t\t\t\t\t<\/div>\n\t\t<\/section>\n\t\t\t\t<section class=\"elementor-section elementor-top-section elementor-element elementor-element-347345c elementor-section-boxed elementor-section-height-default elementor-section-height-default\" data-id=\"347345c\" data-element_type=\"section\" data-e-type=\"section\">\n\t\t\t\t\t\t\t<div class=\"elementor-background-overlay\"><\/div>\n\t\t\t\t\t\t\t<div class=\"elementor-container elementor-column-gap-default\">\n\t\t\t\t\t<div class=\"elementor-column elementor-col-100 elementor-top-column elementor-element elementor-element-3f0073e\" data-id=\"3f0073e\" data-element_type=\"column\" data-e-type=\"column\">\n\t\t\t<div class=\"elementor-widget-wrap elementor-element-populated\">\n\t\t\t\t\t\t<div class=\"elementor-element elementor-element-a86af6c elementor-invisible elementor-widget elementor-widget-text-editor\" data-id=\"a86af6c\" data-element_type=\"widget\" data-e-type=\"widget\" data-settings=\"{&quot;_animation&quot;:&quot;bounceIn&quot;}\" data-widget_type=\"text-editor.default\">\n\t\t\t\t<div class=\"elementor-widget-container\">\n\t\t\t\t\t\t\t\t\t<p><b>Vous souhaitez nous contacter ?<\/b><\/p><p>\u00a0<\/p>\t\t\t\t\t\t\t\t<\/div>\n\t\t\t\t<\/div>\n\t\t\t\t<div class=\"elementor-element elementor-element-7a2d418 elementor-align-center elementor-invisible elementor-widget elementor-widget-button\" data-id=\"7a2d418\" data-element_type=\"widget\" data-e-type=\"widget\" data-settings=\"{&quot;_animation&quot;:&quot;bounceIn&quot;}\" data-widget_type=\"button.default\">\n\t\t\t\t<div class=\"elementor-widget-container\">\n\t\t\t\t\t\t\t\t\t<div class=\"elementor-button-wrapper\">\n\t\t\t\t\t<a class=\"elementor-button elementor-button-link elementor-size-sm\" href=\"https:\/\/befirstorientation.fr\/index.php\/contact\/\">\n\t\t\t\t\t\t<span class=\"elementor-button-content-wrapper\">\n\t\t\t\t\t\t\t\t\t<span class=\"elementor-button-text\">Cliquez ici<\/span>\n\t\t\t\t\t<\/span>\n\t\t\t\t\t<\/a>\n\t\t\t\t<\/div>\n\t\t\t\t\t\t\t\t<\/div>\n\t\t\t\t<\/div>\n\t\t\t\t\t<\/div>\n\t\t<\/div>\n\t\t\t\t\t<\/div>\n\t\t<\/section>\n\t\t\t\t<\/div>\n\t\t","protected":false},"excerpt":{"rendered":"<p>ACCOMPAGNEMENT PARCOURSUP Un accompagnement Parcoursup vous assure de d\u00e9couvrir une formation post-bac align\u00e9e avec votre projet scolaire et professionnel. Cet accompagnement est sp\u00e9cifiquement con\u00e7ue pour les lyc\u00e9ens ayant un projet professionnel clairement d\u00e9fini. En revanche, pour les autres \u00e9l\u00e8ves, un bilan d&#8217;orientation complet est recommand\u00e9 pour mieux \u00e9valuer leurs aptitudes et comp\u00e9tences. Expertise approfondie sur [&hellip;]<\/p>\n","protected":false},"author":1,"featured_media":0,"parent":0,"menu_order":0,"comment_status":"closed","ping_status":"closed","template":"","meta":{"_monsterinsights_skip_tracking":false,"_monsterinsights_sitenote_active":false,"_monsterinsights_sitenote_note":"","_monsterinsights_sitenote_category":0,"_uf_show_specific_survey":0,"_uf_disable_surveys":false,"ocean_post_layout":"","ocean_both_sidebars_style":"","ocean_both_sidebars_content_width":0,"ocean_both_sidebars_sidebars_width":0,"ocean_sidebar":"","ocean_second_sidebar":"","ocean_disable_margins":"enable","ocean_add_body_class":"","ocean_shortcode_before_top_bar":"","ocean_shortcode_after_top_bar":"","ocean_shortcode_before_header":"","ocean_shortcode_after_header":"","ocean_has_shortcode":"","ocean_shortcode_after_title":"","ocean_shortcode_before_footer_widgets":"","ocean_shortcode_after_footer_widgets":"","ocean_shortcode_before_footer_bottom":"","ocean_shortcode_after_footer_bottom":"","ocean_display_top_bar":"default","ocean_display_header":"default","ocean_header_style":"","ocean_center_header_left_menu":"","ocean_custom_header_template":"","ocean_custom_logo":0,"ocean_custom_retina_logo":0,"ocean_custom_logo_max_width":0,"ocean_custom_logo_tablet_max_width":0,"ocean_custom_logo_mobile_max_width":0,"ocean_custom_logo_max_height":0,"ocean_custom_logo_tablet_max_height":0,"ocean_custom_logo_mobile_max_height":0,"ocean_header_custom_menu":"","ocean_menu_typo_font_family":"","ocean_menu_typo_font_subset":"","ocean_menu_typo_font_size":0,"ocean_menu_typo_font_size_tablet":0,"ocean_menu_typo_font_size_mobile":0,"ocean_menu_typo_font_size_unit":"px","ocean_menu_typo_font_weight":"","ocean_menu_typo_font_weight_tablet":"","ocean_menu_typo_font_weight_mobile":"","ocean_menu_typo_transform":"","ocean_menu_typo_transform_tablet":"","ocean_menu_typo_transform_mobile":"","ocean_menu_typo_line_height":0,"ocean_menu_typo_line_height_tablet":0,"ocean_menu_typo_line_height_mobile":0,"ocean_menu_typo_line_height_unit":"","ocean_menu_typo_spacing":0,"ocean_menu_typo_spacing_tablet":0,"ocean_menu_typo_spacing_mobile":0,"ocean_menu_typo_spacing_unit":"","ocean_menu_link_color":"","ocean_menu_link_color_hover":"","ocean_menu_link_color_active":"","ocean_menu_link_background":"","ocean_menu_link_hover_background":"","ocean_menu_link_active_background":"","ocean_menu_social_links_bg":"","ocean_menu_social_hover_links_bg":"","ocean_menu_social_links_color":"","ocean_menu_social_hover_links_color":"","ocean_disable_title":"default","ocean_disable_heading":"default","ocean_post_title":"","ocean_post_subheading":"","ocean_post_title_style":"","ocean_post_title_background_color":"","ocean_post_title_background":0,"ocean_post_title_bg_image_position":"","ocean_post_title_bg_image_attachment":"","ocean_post_title_bg_image_repeat":"","ocean_post_title_bg_image_size":"","ocean_post_title_height":0,"ocean_post_title_bg_overlay":0.5,"ocean_post_title_bg_overlay_color":"","ocean_disable_breadcrumbs":"default","ocean_breadcrumbs_color":"","ocean_breadcrumbs_separator_color":"","ocean_breadcrumbs_links_color":"","ocean_breadcrumbs_links_hover_color":"","ocean_display_footer_widgets":"default","ocean_display_footer_bottom":"default","ocean_custom_footer_template":"","footnotes":""},"class_list":["post-64","page","type-page","status-publish","hentry","entry"],"jetpack_sharing_enabled":true,"_links":{"self":[{"href":"https:\/\/befirstorientation.fr\/index.php\/wp-json\/wp\/v2\/pages\/64","targetHints":{"allow":["GET"]}}],"collection":[{"href":"https:\/\/befirstorientation.fr\/index.php\/wp-json\/wp\/v2\/pages"}],"about":[{"href":"https:\/\/befirstorientation.fr\/index.php\/wp-json\/wp\/v2\/types\/page"}],"author":[{"embeddable":true,"href":"https:\/\/befirstorientation.fr\/index.php\/wp-json\/wp\/v2\/users\/1"}],"replies":[{"embeddable":true,"href":"https:\/\/befirstorientation.fr\/index.php\/wp-json\/wp\/v2\/comments?post=64"}],"version-history":[{"count":0,"href":"https:\/\/befirstorientation.fr\/index.php\/wp-json\/wp\/v2\/pages\/64\/revisions"}],"wp:attachment":[{"href":"https:\/\/befirstorientation.fr\/index.php\/wp-json\/wp\/v2\/media?parent=64"}],"curies":[{"name":"wp","href":"https:\/\/api.w.org\/{rel}","templated":true}]}}