{"id":269,"date":"2023-09-18T14:35:30","date_gmt":"2023-09-18T12:35:30","guid":{"rendered":"https:\/\/befirstorientation.fr\/?page_id=269"},"modified":"2023-12-19T16:56:27","modified_gmt":"2023-12-19T15:56:27","slug":"mentionslegales","status":"publish","type":"page","link":"https:\/\/befirstorientation.fr\/index.php\/mentionslegales\/","title":{"rendered":"Mentions L\u00e9gales"},"content":{"rendered":"\t\t<div data-elementor-type=\"wp-page\" data-elementor-id=\"269\" class=\"elementor elementor-269\" data-elementor-post-type=\"page\">\n\t\t\t\t\t\t<section class=\"elementor-section elementor-top-section elementor-element elementor-element-147781d elementor-section-boxed elementor-section-height-default elementor-section-height-default\" data-id=\"147781d\" data-element_type=\"section\" data-e-type=\"section\" data-settings=\"{&quot;background_background&quot;:&quot;classic&quot;}\">\n\t\t\t\t\t\t<div class=\"elementor-container elementor-column-gap-default\">\n\t\t\t\t\t<div class=\"elementor-column elementor-col-100 elementor-top-column elementor-element elementor-element-f9a572a\" data-id=\"f9a572a\" data-element_type=\"column\" data-e-type=\"column\">\n\t\t\t<div class=\"elementor-widget-wrap elementor-element-populated\">\n\t\t\t\t\t\t<div class=\"elementor-element elementor-element-3422c43 elementor-widget elementor-widget-heading\" data-id=\"3422c43\" data-element_type=\"widget\" data-e-type=\"widget\" data-widget_type=\"heading.default\">\n\t\t\t\t<div class=\"elementor-widget-container\">\n\t\t\t\t\t<h2 class=\"elementor-heading-title elementor-size-large\">MENTIONS L\u00c9GALES<\/h2>\t\t\t\t<\/div>\n\t\t\t\t<\/div>\n\t\t\t\t\t<\/div>\n\t\t<\/div>\n\t\t\t\t\t<\/div>\n\t\t<\/section>\n\t\t\t\t<section class=\"elementor-section elementor-top-section elementor-element elementor-element-4861f10 elementor-section-boxed elementor-section-height-default elementor-section-height-default\" data-id=\"4861f10\" data-element_type=\"section\" data-e-type=\"section\">\n\t\t\t\t\t\t<div class=\"elementor-container elementor-column-gap-default\">\n\t\t\t\t\t<div class=\"elementor-column elementor-col-100 elementor-top-column elementor-element elementor-element-f9eb43c\" data-id=\"f9eb43c\" data-element_type=\"column\" data-e-type=\"column\">\n\t\t\t<div class=\"elementor-widget-wrap elementor-element-populated\">\n\t\t\t\t\t\t<div class=\"elementor-element elementor-element-22dc64b elementor-widget elementor-widget-text-editor\" data-id=\"22dc64b\" data-element_type=\"widget\" data-e-type=\"widget\" data-widget_type=\"text-editor.default\">\n\t\t\t\t<div class=\"elementor-widget-container\">\n\t\t\t\t\t\t\t\t\t<div><p>Editeur :<\/p><p>Fran\u00e7ois-Xavier MICHEL : Auto entrepreneur<br \/>N\u00b0 SIRET : 982 266 579 00019 <br \/>91 rue des Agassons 04100 Manosque<br \/>Directeur de la publication : Fran\u00e7ois-Xavier MICHEL<\/p><\/div><p>Conform\u00e9ment aux dispositions des articles 6-III et 19 de la Loi n\u00b0 2004-575 du 21 juin 2004<br \/>pour la Confiance dans l\u2019\u00e9conomie num\u00e9rique, dite L.C.E.N., nous portons \u00e0 la connaissance<br \/>des utilisateurs et visiteurs du site : https:\/\/befirstorientation.fr les informations suivantes :<br \/>1. INFORMATIONS L\u00c9GALES :<br \/>Statut du propri\u00e9taire : Entreprise<br \/>Le Propri\u00e9taire est Befirst Orientation, entreprise individuelle dont le si\u00e8ge social est<br \/>situ\u00e9 au 91 rue des Agassons 04100 Manosque, France, enregistr\u00e9e sous le num\u00e9ro SIREN : <br \/>.<br \/>Le Cr\u00e9ateur du site est : Fran\u00e7ois-Xavier MICHEL<br \/>Le responsable de la publication est : Fran\u00e7ois-Xavier MICHEL<br \/>Contacter le responsable de la publication : contact@befirstorientation.fr<br \/>Le responsable de la publication est une personne physique<br \/>Le Webmaster est : Fran\u00e7ois-Xavier MICHEL<br \/>Contacter le Webmaster : contact@befirstorientation.fr<br \/>L\u2019h\u00e9bergeur du site est la soci\u00e9t\u00e9 OVH SAS au capital de 10\u00a0059\u00a0500\u00a0\u20ac\u00a0 \u2013 RCS Lille M\u00e9tropole 424 761 419 00045\u2028Code APE 6202A \u2013 N\u00b0 TVA : FR 22 424 761 419<br \/>Si\u00e8ge social : 2 rue Kellermann \u2013 59100 Roubaix \u2013 France<br \/>2. PR\u00c9SENTATION ET PRINCIPE :<br \/>Est d\u00e9sign\u00e9 ci-apr\u00e8s : Utilisateur, tout internaute se connectant et utilisant le site susnomm\u00e9<br \/>: https:\/\/befirstorientation.fr. Le site\u00a0https:\/\/befirstorientation.fr regroupe un ensemble de services,<br \/>dans l\u2019\u00e9tat, mis \u00e0 la disposition des utilisateurs. Il est ici pr\u00e9cis\u00e9 que ces derniers doivent rester<br \/>courtois et faire preuve de bonne foi tant envers les autres utilisateurs qu\u2019envers le webmaster<br \/>du site\u00a0https:\/\/befirstorientation.fr. Le site\u00a0https:\/\/befirstorientation.fr est mis \u00e0 jour r\u00e9guli\u00e8rement par<br \/>le webmaster.<br \/>Le webmaster s\u2019efforce de fournir sur le site\u00a0https:\/\/befirstorientation.fr des informations les plus<br \/>pr\u00e9cises possibles (sous r\u00e9serve de modifications apport\u00e9es depuis leur mise en ligne), mais<br \/>ne saurait garantir l\u2019exactitude, la compl\u00e9tude et l\u2019actualit\u00e9 des informations diffus\u00e9es sur son<br \/>site, qu\u2019elles soient de son fait ou du fait des tiers partenaires qui lui fournissent ces<br \/>informations. En cons\u00e9quence, l\u2019utilisateur reconna\u00eet utiliser ces informations donn\u00e9es (\u00e0 titre<br \/>indicatif, non exhaustives et susceptibles d\u2019\u00e9voluer) sous sa responsabilit\u00e9 exclusive.<br \/>ACCESSIBILIT\u00c9 :<br \/>Le site\u00a0https:\/\/befirstorientation.fr est par principe accessible aux utilisateurs 24\/24h, 7\/7j, sauf<br \/>interruption, programm\u00e9e ou non, pour les besoins de sa maintenance ou en cas de force<br \/>majeure. En cas d\u2019impossibilit\u00e9 d\u2019acc\u00e8s au service,\u00a0https:\/\/befirstorientation.fr s\u2019engage \u00e0 faire son<br \/>maximum afin de r\u00e9tablir l\u2019acc\u00e8s au service et s\u2019efforcera alors de communiquer pr\u00e9alablement<br \/>aux utilisateurs les dates et heures de l\u2019intervention. N\u2019\u00e9tant soumis qu\u2019\u00e0 une obligation de<br \/>moyen,https:\/\/befirstorientation.fr ne saurait \u00eatre tenu pour responsable de tout dommage, quelle<br \/>qu\u2019en soit la nature, r\u00e9sultant d\u2019une indisponibilit\u00e9 du service.<\/p><p>4. PROPRI\u00c9T\u00c9 INTELLECTUELLE :<br \/>BEFIRST Orientation, entreprise individuelle dont le si\u00e8ge social est situ\u00e9 au 91 rue des Agassons 04100 Manosque, France, enregistr\u00e9e sous le num\u00e9ro SIREN &#8230;&#8230;&#8230;&#8230;&#8230;&#8230;&#8230;.., , est propri\u00e9taire exclusif de tous les droits de propri\u00e9t\u00e9 intellectuelle ou d\u00e9tient les droits d\u2019usage sur tous les<br \/>\u00e9l\u00e9ments accessibles sur le site, tant sur la structure que sur les textes, images, graphismes,<br \/>logo, ic\u00f4nes, sons, logiciels. Toute reproduction totale ou partielle du<br \/>site\u00a0https:\/\/befirstorientation.fr, repr\u00e9sentation, modification, publication, adaptation totale ou<br \/>partielle de l\u2019un quelconque de ces \u00e9l\u00e9ments, quel que soit le moyen ou le proc\u00e9d\u00e9 utilis\u00e9, est<br \/>interdite, sauf autorisation \u00e9crite pr\u00e9alable de pr\u00e9nom nom, propri\u00e9taire du site \u00e0 l\u2019email<br \/>: contact@befirstorientation.fr, \u00e0 d\u00e9faut elle sera consid\u00e9r\u00e9e comme constitutive d\u2019une contrefa\u00e7on et<br \/>passible de poursuite conform\u00e9ment aux dispositions des articles L.335-2 et suivants du Code<br \/>de Propri\u00e9t\u00e9 intellectuelle.<br \/>5. LIENS HYPERTEXTES ET COOKIES :<br \/>Le site\u00a0https:\/\/befirstorientation.fr contient un certain nombre de liens hypertextes vers d\u2019autres<br \/>sites (partenaires, informations \u2026) mis en place avec l\u2019autorisation de BEFIRST<br \/>Orientation. Cependant, Fran\u00e7ois-Xavier MICHEL n\u2019a pas la possibilit\u00e9 de v\u00e9rifier l\u2019ensemble du<br \/>contenu des sites ainsi visit\u00e9s et d\u00e9cline donc toute responsabilit\u00e9 de ce fait quant aux risques<br \/>\u00e9ventuels de contenus illicites. L\u2019utilisateur est inform\u00e9 que lors de ses visites sur le<br \/>site\u00a0https:\/\/befirstorientation.fr, un ou des cookies sont susceptibles de s\u2019installer automatiquement<br \/>sur son ordinateur par l\u2019interm\u00e9diaire de son logiciel de navigation.<br \/>Un cookie est un bloc de donn\u00e9es qui ne permet pas d\u2019identifier l\u2019utilisateur, mais qui enregistre<br \/>des informations relatives \u00e0 la navigation de celui-ci sur le site. Le param\u00e9trage du logiciel de<br \/>navigation permet d\u2019informer de la pr\u00e9sence de cookie et \u00e9ventuellement, de la refuser de la<br \/>mani\u00e8re d\u00e9crite \u00e0 l\u2019adresse suivante : www.cnil.fr. L\u2019utilisateur peut toutefois configurer le<br \/>navigateur de son ordinateur pour refuser l\u2019installation des cookies, sachant que le refus<br \/>d\u2019installation d\u2019un cookie peut entra\u00eener l\u2019impossibilit\u00e9 d\u2019acc\u00e9der \u00e0 certains services. Pour tout<br \/>blocage des cookies, tapez dans votre moteur de recherche : blocage des cookies sous IE ou<br \/>Firefox, Safari ou Google Chrome et suivez les instructions en fonction de votre version.<br \/>6. PROTECTION DES BIENS ET DES PERSONNES \u2013 GESTION DES DONN\u00c9ES<br \/>PERSONNELLES :<br \/>En France, les donn\u00e9es personnelles sont notamment prot\u00e9g\u00e9es par la loi n\u00b0 78-87 du 6 janvier<br \/>1978, la loi n\u00b0 2004-801 du 6 ao\u00fbt 2004, l\u2019article L. 226-13 du Code p\u00e9nal et la Directive<br \/>europ\u00e9enne du 24 octobre 1995.<br \/>Sur le site\u00a0https:\/\/befirstorientation.fr, BEFIRST Orientation ne collecte des informations<br \/>personnelles (suivant l\u2019article 4 loi n\u00b078-17 du 06 janvier 1978) relatives \u00e0 l\u2019utilisateur que pour<br \/>le besoin de certains services propos\u00e9s par le site\u00a0https:\/\/befirstorientation.fr. L\u2019utilisateur fournit<br \/>ces informations en toute connaissance de cause, notamment lorsqu\u2019il proc\u00e8de par lui-m\u00eame<br \/>\u00e0 leur saisie. Il est alors pr\u00e9cis\u00e9 \u00e0 l\u2019utilisateur du site\u00a0https:\/\/befirstorientation.fr l\u2019obligation ou non<br \/>de fournir ces informations.<br \/>Conform\u00e9ment aux dispositions des articles 38 et suivants de la loi 78-17 du 6 janvier 1978<br \/>relative \u00e0 l\u2019informatique, aux fichiers et aux libert\u00e9s, tout utilisateur dispose d\u2019un droit d\u2019acc\u00e8s,<br \/>de rectification, de suppression et d\u2019opposition aux donn\u00e9es personnelles le concernant. Pour<br \/>l\u2019exercer, adressez votre demande par email : contact@befirstorientation.fr ou par \u00e9crit d\u00fbment<br \/>sign\u00e9e, accompagn\u00e9e d\u2019une copie du titre d\u2019identit\u00e9 avec signature du titulaire de la pi\u00e8ce, en<br \/>pr\u00e9cisant l\u2019adresse \u00e0 laquelle la r\u00e9ponse doit \u00eatre envoy\u00e9e.<\/p><p>Aucune information personnelle de l\u2019utilisateur du site\u00a0https:\/\/befirstorientation.fr n\u2019est publi\u00e9e \u00e0<br \/>l\u2019insu de l\u2019utilisateur, \u00e9chang\u00e9e, transf\u00e9r\u00e9e, c\u00e9d\u00e9e ou vendue sur un support quelconque \u00e0 des<br \/>tiers. Seule l\u2019hypoth\u00e8se du rachat du site\u00a0https:\/\/befirstorientation.fr et de ses droits autorise<br \/>BEFIRST Orientation \u00e0 transmettre lesdites informations \u00e0 l\u2019\u00e9ventuel acqu\u00e9reur qui serait<br \/>\u00e0 son tour tenu \u00e0 la m\u00eame obligation de conservation et de modification des donn\u00e9es vis-\u00e0-vis<br \/>de l\u2019utilisateur du sitehttps:\/\/befirstorientation.fr.<br \/>Le site\u00a0https:\/\/befirstorientation.fr est en conformit\u00e9 avec le RGPD. Les bases de donn\u00e9es sont<br \/>prot\u00e9g\u00e9es par les dispositions de la loi du 1er juillet 1998 transposant la directive 96\/9 du 11<br \/>mars 1996 relative \u00e0 la protection juridique des bases de donn\u00e9es<\/p><p><div class=\"oceanwp-oembed-wrap clr\"><blockquote class=\"wp-embedded-content\" data-secret=\"1EJXDYqzCe\"><a href=\"https:\/\/befirstorientation.fr\/\">Accueil<\/a><\/blockquote><iframe class=\"wp-embedded-content\" sandbox=\"allow-scripts\" security=\"restricted\" style=\"position: absolute; clip: rect(1px, 1px, 1px, 1px);\" title=\"\u00ab\u00a0Accueil\u00a0\u00bb &#8212; BEFIRST orientation\" src=\"https:\/\/befirstorientation.fr\/embed\/#?secret=SAVitrYJBR#?secret=1EJXDYqzCe\" data-secret=\"1EJXDYqzCe\" width=\"600\" height=\"338\" frameborder=\"0\" marginwidth=\"0\" marginheight=\"0\" scrolling=\"no\"><\/iframe><\/div><\/p>\t\t\t\t\t\t\t\t<\/div>\n\t\t\t\t<\/div>\n\t\t\t\t<div class=\"elementor-element elementor-element-423c87e elementor-widget elementor-widget-heading\" data-id=\"423c87e\" data-element_type=\"widget\" data-e-type=\"widget\" data-widget_type=\"heading.default\">\n\t\t\t\t<div class=\"elementor-widget-container\">\n\t\t\t\t\t<h2 class=\"elementor-heading-title elementor-size-default\">Contact<\/h2>\t\t\t\t<\/div>\n\t\t\t\t<\/div>\n\t\t\t\t\t<\/div>\n\t\t<\/div>\n\t\t\t\t\t<\/div>\n\t\t<\/section>\n\t\t\t\t<\/div>\n\t\t","protected":false},"excerpt":{"rendered":"<p>MENTIONS L\u00c9GALES Editeur : Fran\u00e7ois-Xavier MICHEL : Auto entrepreneurN\u00b0 SIRET : 982 266 579 00019 91 rue des Agassons 04100 ManosqueDirecteur de la publication : Fran\u00e7ois-Xavier MICHEL Conform\u00e9ment aux dispositions des articles 6-III et 19 de la Loi n\u00b0 2004-575 du 21 juin 2004pour la Confiance dans l\u2019\u00e9conomie num\u00e9rique, dite L.C.E.N., nous portons \u00e0 la [&hellip;]<\/p>\n","protected":false},"author":1,"featured_media":0,"parent":0,"menu_order":0,"comment_status":"closed","ping_status":"closed","template":"","meta":{"_monsterinsights_skip_tracking":false,"_monsterinsights_sitenote_active":false,"_monsterinsights_sitenote_note":"","_monsterinsights_sitenote_category":0,"_uf_show_specific_survey":0,"_uf_disable_surveys":false,"ocean_post_layout":"","ocean_both_sidebars_style":"","ocean_both_sidebars_content_width":0,"ocean_both_sidebars_sidebars_width":0,"ocean_sidebar":"","ocean_second_sidebar":"","ocean_disable_margins":"enable","ocean_add_body_class":"","ocean_shortcode_before_top_bar":"","ocean_shortcode_after_top_bar":"","ocean_shortcode_before_header":"","ocean_shortcode_after_header":"","ocean_has_shortcode":"","ocean_shortcode_after_title":"","ocean_shortcode_before_footer_widgets":"","ocean_shortcode_after_footer_widgets":"","ocean_shortcode_before_footer_bottom":"","ocean_shortcode_after_footer_bottom":"","ocean_display_top_bar":"default","ocean_display_header":"default","ocean_header_style":"","ocean_center_header_left_menu":"","ocean_custom_header_template":"","ocean_custom_logo":0,"ocean_custom_retina_logo":0,"ocean_custom_logo_max_width":0,"ocean_custom_logo_tablet_max_width":0,"ocean_custom_logo_mobile_max_width":0,"ocean_custom_logo_max_height":0,"ocean_custom_logo_tablet_max_height":0,"ocean_custom_logo_mobile_max_height":0,"ocean_header_custom_menu":"","ocean_menu_typo_font_family":"","ocean_menu_typo_font_subset":"","ocean_menu_typo_font_size":0,"ocean_menu_typo_font_size_tablet":0,"ocean_menu_typo_font_size_mobile":0,"ocean_menu_typo_font_size_unit":"px","ocean_menu_typo_font_weight":"","ocean_menu_typo_font_weight_tablet":"","ocean_menu_typo_font_weight_mobile":"","ocean_menu_typo_transform":"","ocean_menu_typo_transform_tablet":"","ocean_menu_typo_transform_mobile":"","ocean_menu_typo_line_height":0,"ocean_menu_typo_line_height_tablet":0,"ocean_menu_typo_line_height_mobile":0,"ocean_menu_typo_line_height_unit":"","ocean_menu_typo_spacing":0,"ocean_menu_typo_spacing_tablet":0,"ocean_menu_typo_spacing_mobile":0,"ocean_menu_typo_spacing_unit":"","ocean_menu_link_color":"","ocean_menu_link_color_hover":"","ocean_menu_link_color_active":"","ocean_menu_link_background":"","ocean_menu_link_hover_background":"","ocean_menu_link_active_background":"","ocean_menu_social_links_bg":"","ocean_menu_social_hover_links_bg":"","ocean_menu_social_links_color":"","ocean_menu_social_hover_links_color":"","ocean_disable_title":"default","ocean_disable_heading":"default","ocean_post_title":"","ocean_post_subheading":"","ocean_post_title_style":"","ocean_post_title_background_color":"","ocean_post_title_background":0,"ocean_post_title_bg_image_position":"","ocean_post_title_bg_image_attachment":"","ocean_post_title_bg_image_repeat":"","ocean_post_title_bg_image_size":"","ocean_post_title_height":0,"ocean_post_title_bg_overlay":0.5,"ocean_post_title_bg_overlay_color":"","ocean_disable_breadcrumbs":"default","ocean_breadcrumbs_color":"","ocean_breadcrumbs_separator_color":"","ocean_breadcrumbs_links_color":"","ocean_breadcrumbs_links_hover_color":"","ocean_display_footer_widgets":"default","ocean_display_footer_bottom":"default","ocean_custom_footer_template":"","footnotes":""},"class_list":["post-269","page","type-page","status-publish","hentry","entry"],"jetpack_sharing_enabled":true,"_links":{"self":[{"href":"https:\/\/befirstorientation.fr\/index.php\/wp-json\/wp\/v2\/pages\/269","targetHints":{"allow":["GET"]}}],"collection":[{"href":"https:\/\/befirstorientation.fr\/index.php\/wp-json\/wp\/v2\/pages"}],"about":[{"href":"https:\/\/befirstorientation.fr\/index.php\/wp-json\/wp\/v2\/types\/page"}],"author":[{"embeddable":true,"href":"https:\/\/befirstorientation.fr\/index.php\/wp-json\/wp\/v2\/users\/1"}],"replies":[{"embeddable":true,"href":"https:\/\/befirstorientation.fr\/index.php\/wp-json\/wp\/v2\/comments?post=269"}],"version-history":[{"count":0,"href":"https:\/\/befirstorientation.fr\/index.php\/wp-json\/wp\/v2\/pages\/269\/revisions"}],"wp:attachment":[{"href":"https:\/\/befirstorientation.fr\/index.php\/wp-json\/wp\/v2\/media?parent=269"}],"curies":[{"name":"wp","href":"https:\/\/api.w.org\/{rel}","templated":true}]}}